{"id":49,"date":"2024-09-15T16:03:16","date_gmt":"2024-09-15T16:03:16","guid":{"rendered":"https:\/\/beltverify.com\/?page_id=49"},"modified":"2024-09-15T16:03:16","modified_gmt":"2024-09-15T16:03:16","slug":"conctacto","status":"publish","type":"page","link":"https:\/\/www.beltverify.com\/index.php\/conctacto\/","title":{"rendered":"Conctacto"},"content":{"rendered":"<style id=\"wpforms-css-vars-root\">\n\t\t\t\t:root {\n\t\t\t\t\t--wpforms-field-border-radius: 3px;\n--wpforms-field-border-style: solid;\n--wpforms-field-border-size: 1px;\n--wpforms-field-background-color: #ffffff;\n--wpforms-field-border-color: rgba( 0, 0, 0, 0.25 );\n--wpforms-field-border-color-spare: rgba( 0, 0, 0, 0.25 );\n--wpforms-field-text-color: rgba( 0, 0, 0, 0.7 );\n--wpforms-field-menu-color: #ffffff;\n--wpforms-label-color: rgba( 0, 0, 0, 0.85 );\n--wpforms-label-sublabel-color: rgba( 0, 0, 0, 0.55 );\n--wpforms-label-error-color: #d63637;\n--wpforms-button-border-radius: 3px;\n--wpforms-button-border-style: none;\n--wpforms-button-border-size: 1px;\n--wpforms-button-background-color: #066aab;\n--wpforms-button-border-color: #066aab;\n--wpforms-button-text-color: #ffffff;\n--wpforms-page-break-color: #066aab;\n--wpforms-background-image: none;\n--wpforms-background-position: center center;\n--wpforms-background-repeat: no-repeat;\n--wpforms-background-size: cover;\n--wpforms-background-width: 100px;\n--wpforms-background-height: 100px;\n--wpforms-background-color: rgba( 0, 0, 0, 0 );\n--wpforms-background-url: none;\n--wpforms-container-padding: 0px;\n--wpforms-container-border-style: none;\n--wpforms-container-border-width: 1px;\n--wpforms-container-border-color: #000000;\n--wpforms-container-border-radius: 3px;\n--wpforms-field-size-input-height: 43px;\n--wpforms-field-size-input-spacing: 15px;\n--wpforms-field-size-font-size: 16px;\n--wpforms-field-size-line-height: 19px;\n--wpforms-field-size-padding-h: 14px;\n--wpforms-field-size-checkbox-size: 16px;\n--wpforms-field-size-sublabel-spacing: 5px;\n--wpforms-field-size-icon-size: 1;\n--wpforms-label-size-font-size: 16px;\n--wpforms-label-size-line-height: 19px;\n--wpforms-label-size-sublabel-font-size: 14px;\n--wpforms-label-size-sublabel-line-height: 17px;\n--wpforms-button-size-font-size: 17px;\n--wpforms-button-size-height: 41px;\n--wpforms-button-size-padding-h: 15px;\n--wpforms-button-size-margin-top: 10px;\n--wpforms-container-shadow-size-box-shadow: none;\n\n\t\t\t\t}\n\t\t\t<\/style><div class=\"wpforms-container wpforms-container-full wpforms-block wpforms-block-e0afa44f-9a04-499b-bf71-30588032165d wpforms-render-modern\" id=\"wpforms-33\"><form id=\"wpforms-form-33\" class=\"wpforms-validate wpforms-form wpforms-ajax-form\" data-formid=\"33\" method=\"post\" enctype=\"multipart\/form-data\" action=\"\/index.php\/wp-json\/wp\/v2\/pages\/49\" data-token=\"b36f342e5127a859ddbdb7ab96a4b25e\" data-token-time=\"1776210229\"><noscript class=\"wpforms-error-noscript\">Por favor, activa JavaScript en tu navegador para completar este formulario.<\/noscript><div class=\"wpforms-hidden\" id=\"wpforms-error-noscript\">Por favor, activa JavaScript en tu navegador para completar este formulario.<\/div><div class=\"wpforms-field-container\"><div id=\"wpforms-33-field_1-container\" class=\"wpforms-field wpforms-field-name\" data-field-id=\"1\"><fieldset><legend class=\"wpforms-field-label\">Nombre <span class=\"wpforms-required-label\" aria-hidden=\"true\">*<\/span><\/legend><div class=\"wpforms-field-row wpforms-field-medium\"><div class=\"wpforms-field-row-block wpforms-first wpforms-one-half\"><input type=\"text\" id=\"wpforms-33-field_1\" class=\"wpforms-field-name-first wpforms-field-required\" name=\"wpforms[fields][1][first]\" aria-errormessage=\"wpforms-33-field_1-error\" required><label for=\"wpforms-33-field_1\" class=\"wpforms-field-sublabel after\">Nombre<\/label><\/div><div class=\"wpforms-field-row-block wpforms-one-half\"><input type=\"text\" id=\"wpforms-33-field_1-last\" class=\"wpforms-field-name-last wpforms-field-required\" name=\"wpforms[fields][1][last]\" aria-errormessage=\"wpforms-33-field_1-last-error\" required><label for=\"wpforms-33-field_1-last\" class=\"wpforms-field-sublabel after\">Apellidos<\/label><\/div><\/div><\/fieldset><\/div><div id=\"wpforms-33-field_2-container\" class=\"wpforms-field wpforms-field-email\" data-field-id=\"2\"><fieldset><legend class=\"wpforms-field-label\">Correo electr\u00f3nico <span class=\"wpforms-required-label\" aria-hidden=\"true\">*<\/span><\/legend><div class=\"wpforms-field-row wpforms-field-medium\"><div class=\"wpforms-field-row-block wpforms-one-half wpforms-first\"><input type=\"email\" id=\"wpforms-33-field_2\" class=\"wpforms-field-required wpforms-field-email-primary\" name=\"wpforms[fields][2][primary]\" spellcheck=\"false\" aria-errormessage=\"wpforms-33-field_2-error\" aria-describedby=\"wpforms-33-field_2-description\" required><label for=\"wpforms-33-field_2\" class=\"wpforms-field-sublabel after\">Correo electr\u00f3nico<\/label><\/div><div class=\"wpforms-field-row-block wpforms-one-half\"><input type=\"email\" id=\"wpforms-33-field_2-secondary\" class=\"wpforms-field-email-secondary wpforms-field-required\" data-rule-confirm=\"#wpforms-33-field_2\" name=\"wpforms[fields][2][secondary]\" spellcheck=\"false\" aria-errormessage=\"wpforms-33-field_2-secondary-error\" aria-describedby=\"wpforms-33-field_2-description\" required><label for=\"wpforms-33-field_2-secondary\" class=\"wpforms-field-sublabel after\">Confirmar el correo electr\u00f3nico<\/label><\/div><\/div><div id=\"wpforms-33-field_2-description\" class=\"wpforms-field-description\">Correo electr\u00f3nico desde el que se enviar\u00e1 la documentaci\u00f3n<\/div><\/fieldset><\/div><div id=\"wpforms-33-field_3-container\" class=\"wpforms-field wpforms-field-number\" data-field-id=\"3\"><label class=\"wpforms-field-label\" for=\"wpforms-33-field_3\">N\u00famero de tel\u00e9fono <span class=\"wpforms-required-label\" aria-hidden=\"true\">*<\/span><\/label><input type=\"number\" id=\"wpforms-33-field_3\" class=\"wpforms-field-medium wpforms-field-required\" name=\"wpforms[fields][3]\" aria-errormessage=\"wpforms-33-field_3-error\" aria-describedby=\"wpforms-33-field_3-description\" required><div id=\"wpforms-33-field_3-description\" class=\"wpforms-field-description\">Tel\u00e9fono m\u00f3vil de contacto<\/div><\/div><div id=\"wpforms-33-field_5-container\" class=\"wpforms-field wpforms-field-text\" data-field-id=\"5\"><label class=\"wpforms-field-label\" for=\"wpforms-33-field_5\">Direcci\u00f3n de contacto<\/label><input type=\"text\" id=\"wpforms-33-field_5\" class=\"wpforms-field-medium\" name=\"wpforms[fields][5]\" aria-errormessage=\"wpforms-33-field_5-error\" aria-describedby=\"wpforms-33-field_5-description\" ><div id=\"wpforms-33-field_5-description\" class=\"wpforms-field-description\">Direcci\u00f3n postal completa, poblaci\u00f3n y provincia<\/div><\/div><div id=\"wpforms-33-field_7-container\" class=\"wpforms-field wpforms-field-text\" data-field-id=\"7\"><label class=\"wpforms-field-label\" for=\"wpforms-33-field_7\">Club al que pertenece<\/label><input type=\"text\" id=\"wpforms-33-field_7\" class=\"wpforms-field-medium\" name=\"wpforms[fields][7]\" aria-errormessage=\"wpforms-33-field_7-error\" aria-describedby=\"wpforms-33-field_7-description\" ><div id=\"wpforms-33-field_7-description\" class=\"wpforms-field-description\">Opcional pero recomendable<\/div><\/div><div id=\"wpforms-33-field_9-container\" class=\"wpforms-field wpforms-field-text\" data-field-id=\"9\"><label class=\"wpforms-field-label\" for=\"wpforms-33-field_9\">Federaci\u00f3n a la que pertenece <span class=\"wpforms-required-label\" aria-hidden=\"true\">*<\/span><\/label><input type=\"text\" id=\"wpforms-33-field_9\" class=\"wpforms-field-medium wpforms-field-required\" name=\"wpforms[fields][9]\" aria-errormessage=\"wpforms-33-field_9-error\" aria-describedby=\"wpforms-33-field_9-description\" required><div id=\"wpforms-33-field_9-description\" class=\"wpforms-field-description\">Debe indicar la federaci\u00f3n nacional o auton\u00f3mica en la que est\u00e1 federado<\/div><\/div><div id=\"wpforms-33-field_10-container\" class=\"wpforms-field wpforms-field-text\" data-field-id=\"10\"><label class=\"wpforms-field-label\" for=\"wpforms-33-field_10\">Estilo\/s de arte marcial que practica <span class=\"wpforms-required-label\" aria-hidden=\"true\">*<\/span><\/label><input type=\"text\" id=\"wpforms-33-field_10\" class=\"wpforms-field-medium wpforms-field-required\" name=\"wpforms[fields][10]\" aria-errormessage=\"wpforms-33-field_10-error\" aria-describedby=\"wpforms-33-field_10-description\" required><div id=\"wpforms-33-field_10-description\" class=\"wpforms-field-description\">Debe indicar el estilo o estilos que practica, solo en los que tenga t\u00edtulo o certificado acreditativo<\/div><\/div><div id=\"wpforms-33-field_11-container\" class=\"wpforms-field wpforms-field-text\" data-field-id=\"11\"><label class=\"wpforms-field-label\" for=\"wpforms-33-field_11\">Cintur\u00f3n y en su caso cursos de formaci\u00f3n <span class=\"wpforms-required-label\" aria-hidden=\"true\">*<\/span><\/label><input type=\"text\" id=\"wpforms-33-field_11\" class=\"wpforms-field-medium wpforms-field-required\" name=\"wpforms[fields][11]\" aria-errormessage=\"wpforms-33-field_11-error\" aria-describedby=\"wpforms-33-field_11-description\" required><div id=\"wpforms-33-field_11-description\" class=\"wpforms-field-description\">Cintur\u00f3n negro, en su caso dan, y titulaci\u00f3n de formador (N1, N2, N3&#8230;)<\/div><\/div><div id=\"wpforms-33-field_21-container\" class=\"wpforms-field wpforms-field-payment-single wpforms-payment-quantities-enabled\" data-field-id=\"21\"><label class=\"wpforms-field-label\">Precio del registro 50 euros <span class=\"wpforms-required-label\" aria-hidden=\"true\">*<\/span><\/label><div class=\"wpforms-single-item-price-content\"><div class=\"wpforms-single-item-price wpforms-field-small wpforms-field-required wpforms-payment-price\">Precio:<\/div><select id=\"wpforms-33-field_21-quantity\" class=\"wpforms-payment-quantity\" name=\"wpforms[quantities][21]\" required=\"required\"><option value=\"50\"  selected='selected' >50<\/option><\/select><\/div><input type=\"hidden\" id=\"wpforms-33-field_21\" class=\"wpforms-field-small wpforms-field-required wpforms-payment-price\" data-rule-required-positive-number=\"1\" name=\"wpforms[fields][21]\" value=\"&#036;0.00\"><\/div><\/div><!-- .wpforms-field-container --><div class=\"wpforms-submit-container\" ><input type=\"hidden\" name=\"wpforms[id]\" value=\"33\"><input type=\"hidden\" name=\"page_title\" value=\"\"><input type=\"hidden\" name=\"page_url\" value=\"https:\/\/www.beltverify.com\/index.php\/wp-json\/wp\/v2\/pages\/49\"><button type=\"submit\" name=\"wpforms[submit]\" id=\"wpforms-submit-33\" class=\"wpforms-submit\" data-alt-text=\"Enviando...\" data-submit-text=\"Enviar\" aria-live=\"assertive\" value=\"wpforms-submit\">Enviar<\/button><img loading=\"lazy\" decoding=\"async\" src=\"https:\/\/www.beltverify.com\/wp-content\/plugins\/wpforms-lite\/assets\/images\/submit-spin.svg\" class=\"wpforms-submit-spinner\" style=\"display: none;\" width=\"26\" height=\"26\" alt=\"Cargando\"><\/div><\/form><\/div>  <!-- .wpforms-container -->","protected":false},"excerpt":{"rendered":"","protected":false},"author":1,"featured_media":0,"parent":0,"menu_order":0,"comment_status":"closed","ping_status":"closed","template":"","meta":{"site-sidebar-layout":"default","site-content-layout":"","ast-site-content-layout":"","site-content-style":"default","site-sidebar-style":"default","ast-global-header-display":"","ast-banner-title-visibility":"","ast-main-header-display":"","ast-hfb-above-header-display":"","ast-hfb-below-header-display":"","ast-hfb-mobile-header-display":"","site-post-title":"","ast-breadcrumbs-content":"","ast-featured-img":"","footer-sml-layout":"","theme-transparent-header-meta":"","adv-header-id-meta":"","stick-header-meta":"","header-above-stick-meta":"","header-main-stick-meta":"","header-below-stick-meta":"","astra-migrate-meta-layouts":"default","ast-page-background-enabled":"default","ast-page-background-meta":{"desktop":{"background-color":"var(--ast-global-color-4)","background-image":"","background-repeat":"repeat","background-position":"center center","background-size":"auto","background-attachment":"scroll","background-type":"","background-media":"","overlay-type":"","overlay-color":"","overlay-opacity":"","overlay-gradient":""},"tablet":{"background-color":"","background-image":"","background-repeat":"repeat","background-position":"center center","background-size":"auto","background-attachment":"scroll","background-type":"","background-media":"","overlay-type":"","overlay-color":"","overlay-opacity":"","overlay-gradient":""},"mobile":{"background-color":"","background-image":"","background-repeat":"repeat","background-position":"center center","background-size":"auto","background-attachment":"scroll","background-type":"","background-media":"","overlay-type":"","overlay-color":"","overlay-opacity":"","overlay-gradient":""}},"ast-content-background-meta":{"desktop":{"background-color":"var(--ast-global-color-5)","background-image":"","background-repeat":"repeat","background-position":"center center","background-size":"auto","background-attachment":"scroll","background-type":"","background-media":"","overlay-type":"","overlay-color":"","overlay-opacity":"","overlay-gradient":""},"tablet":{"background-color":"var(--ast-global-color-5)","background-image":"","background-repeat":"repeat","background-position":"center center","background-size":"auto","background-attachment":"scroll","background-type":"","background-media":"","overlay-type":"","overlay-color":"","overlay-opacity":"","overlay-gradient":""},"mobile":{"background-color":"var(--ast-global-color-5)","background-image":"","background-repeat":"repeat","background-position":"center center","background-size":"auto","background-attachment":"scroll","background-type":"","background-media":"","overlay-type":"","overlay-color":"","overlay-opacity":"","overlay-gradient":""}},"footnotes":""},"class_list":["post-49","page","type-page","status-publish","hentry"],"yoast_head":"<!-- This site is optimized with the Yoast SEO plugin v23.4 - https:\/\/yoast.com\/wordpress\/plugins\/seo\/ -->\n<title>Conctacto - Black Belt Verify<\/title>\n<meta name=\"description\" content=\"Black Belt Verify\" \/>\n<meta name=\"robots\" content=\"index, follow, max-snippet:-1, max-image-preview:large, max-video-preview:-1\" \/>\n<link rel=\"canonical\" href=\"https:\/\/www.beltverify.com\/index.php\/conctacto\/\" \/>\n<meta property=\"og:locale\" content=\"es_ES\" \/>\n<meta property=\"og:type\" content=\"article\" \/>\n<meta property=\"og:title\" content=\"Conctacto - Black Belt Verify\" \/>\n<meta property=\"og:description\" content=\"Black Belt Verify\" \/>\n<meta property=\"og:url\" content=\"https:\/\/www.beltverify.com\/index.php\/conctacto\/\" \/>\n<meta property=\"og:site_name\" content=\"Black Belt Verify\" \/>\n<meta name=\"twitter:card\" content=\"summary_large_image\" \/>\n<script type=\"application\/ld+json\" class=\"yoast-schema-graph\">{\"@context\":\"https:\/\/schema.org\",\"@graph\":[{\"@type\":\"WebPage\",\"@id\":\"https:\/\/www.beltverify.com\/index.php\/conctacto\/\",\"url\":\"https:\/\/www.beltverify.com\/index.php\/conctacto\/\",\"name\":\"Conctacto - Black Belt Verify\",\"isPartOf\":{\"@id\":\"https:\/\/www.beltverify.com\/#website\"},\"datePublished\":\"2024-09-15T16:03:16+00:00\",\"dateModified\":\"2024-09-15T16:03:16+00:00\",\"description\":\"Black Belt Verify\",\"breadcrumb\":{\"@id\":\"https:\/\/www.beltverify.com\/index.php\/conctacto\/#breadcrumb\"},\"inLanguage\":\"es\",\"potentialAction\":[{\"@type\":\"ReadAction\",\"target\":[\"https:\/\/www.beltverify.com\/index.php\/conctacto\/\"]}]},{\"@type\":\"BreadcrumbList\",\"@id\":\"https:\/\/www.beltverify.com\/index.php\/conctacto\/#breadcrumb\",\"itemListElement\":[{\"@type\":\"ListItem\",\"position\":1,\"name\":\"Portada\",\"item\":\"https:\/\/www.beltverify.com\/\"},{\"@type\":\"ListItem\",\"position\":2,\"name\":\"Conctacto\"}]},{\"@type\":\"WebSite\",\"@id\":\"https:\/\/www.beltverify.com\/#website\",\"url\":\"https:\/\/www.beltverify.com\/\",\"name\":\"Black Belt Verify\",\"description\":\"Verificaci\u00f3n de titulaci\u00f3n en artes marciales\",\"publisher\":{\"@id\":\"https:\/\/www.beltverify.com\/#organization\"},\"alternateName\":\"Belt Verify\",\"potentialAction\":[{\"@type\":\"SearchAction\",\"target\":{\"@type\":\"EntryPoint\",\"urlTemplate\":\"https:\/\/www.beltverify.com\/?s={search_term_string}\"},\"query-input\":{\"@type\":\"PropertyValueSpecification\",\"valueRequired\":true,\"valueName\":\"search_term_string\"}}],\"inLanguage\":\"es\"},{\"@type\":\"Organization\",\"@id\":\"https:\/\/www.beltverify.com\/#organization\",\"name\":\"Black Belt Verify\",\"alternateName\":\"Belt Verify\",\"url\":\"https:\/\/www.beltverify.com\/\",\"logo\":{\"@type\":\"ImageObject\",\"inLanguage\":\"es\",\"@id\":\"https:\/\/www.beltverify.com\/#\/schema\/logo\/image\/\",\"url\":\"https:\/\/www.beltverify.com\/wp-content\/uploads\/2024\/09\/8c7ac76b2edcf8ddf97bf5332157c009-removebg-preview-1.png\",\"contentUrl\":\"https:\/\/www.beltverify.com\/wp-content\/uploads\/2024\/09\/8c7ac76b2edcf8ddf97bf5332157c009-removebg-preview-1.png\",\"width\":325,\"height\":260,\"caption\":\"Black Belt Verify\"},\"image\":{\"@id\":\"https:\/\/www.beltverify.com\/#\/schema\/logo\/image\/\"}}]}<\/script>\n<!-- \/ Yoast SEO plugin. -->","yoast_head_json":{"title":"Conctacto - Black Belt Verify","description":"Black Belt Verify","robots":{"index":"index","follow":"follow","max-snippet":"max-snippet:-1","max-image-preview":"max-image-preview:large","max-video-preview":"max-video-preview:-1"},"canonical":"https:\/\/www.beltverify.com\/index.php\/conctacto\/","og_locale":"es_ES","og_type":"article","og_title":"Conctacto - Black Belt Verify","og_description":"Black Belt Verify","og_url":"https:\/\/www.beltverify.com\/index.php\/conctacto\/","og_site_name":"Black Belt Verify","twitter_card":"summary_large_image","schema":{"@context":"https:\/\/schema.org","@graph":[{"@type":"WebPage","@id":"https:\/\/www.beltverify.com\/index.php\/conctacto\/","url":"https:\/\/www.beltverify.com\/index.php\/conctacto\/","name":"Conctacto - Black Belt Verify","isPartOf":{"@id":"https:\/\/www.beltverify.com\/#website"},"datePublished":"2024-09-15T16:03:16+00:00","dateModified":"2024-09-15T16:03:16+00:00","description":"Black Belt Verify","breadcrumb":{"@id":"https:\/\/www.beltverify.com\/index.php\/conctacto\/#breadcrumb"},"inLanguage":"es","potentialAction":[{"@type":"ReadAction","target":["https:\/\/www.beltverify.com\/index.php\/conctacto\/"]}]},{"@type":"BreadcrumbList","@id":"https:\/\/www.beltverify.com\/index.php\/conctacto\/#breadcrumb","itemListElement":[{"@type":"ListItem","position":1,"name":"Portada","item":"https:\/\/www.beltverify.com\/"},{"@type":"ListItem","position":2,"name":"Conctacto"}]},{"@type":"WebSite","@id":"https:\/\/www.beltverify.com\/#website","url":"https:\/\/www.beltverify.com\/","name":"Black Belt Verify","description":"Verificaci\u00f3n de titulaci\u00f3n en artes marciales","publisher":{"@id":"https:\/\/www.beltverify.com\/#organization"},"alternateName":"Belt Verify","potentialAction":[{"@type":"SearchAction","target":{"@type":"EntryPoint","urlTemplate":"https:\/\/www.beltverify.com\/?s={search_term_string}"},"query-input":{"@type":"PropertyValueSpecification","valueRequired":true,"valueName":"search_term_string"}}],"inLanguage":"es"},{"@type":"Organization","@id":"https:\/\/www.beltverify.com\/#organization","name":"Black Belt Verify","alternateName":"Belt Verify","url":"https:\/\/www.beltverify.com\/","logo":{"@type":"ImageObject","inLanguage":"es","@id":"https:\/\/www.beltverify.com\/#\/schema\/logo\/image\/","url":"https:\/\/www.beltverify.com\/wp-content\/uploads\/2024\/09\/8c7ac76b2edcf8ddf97bf5332157c009-removebg-preview-1.png","contentUrl":"https:\/\/www.beltverify.com\/wp-content\/uploads\/2024\/09\/8c7ac76b2edcf8ddf97bf5332157c009-removebg-preview-1.png","width":325,"height":260,"caption":"Black Belt Verify"},"image":{"@id":"https:\/\/www.beltverify.com\/#\/schema\/logo\/image\/"}}]}},"_links":{"self":[{"href":"https:\/\/www.beltverify.com\/index.php\/wp-json\/wp\/v2\/pages\/49","targetHints":{"allow":["GET"]}}],"collection":[{"href":"https:\/\/www.beltverify.com\/index.php\/wp-json\/wp\/v2\/pages"}],"about":[{"href":"https:\/\/www.beltverify.com\/index.php\/wp-json\/wp\/v2\/types\/page"}],"author":[{"embeddable":true,"href":"https:\/\/www.beltverify.com\/index.php\/wp-json\/wp\/v2\/users\/1"}],"replies":[{"embeddable":true,"href":"https:\/\/www.beltverify.com\/index.php\/wp-json\/wp\/v2\/comments?post=49"}],"version-history":[{"count":2,"href":"https:\/\/www.beltverify.com\/index.php\/wp-json\/wp\/v2\/pages\/49\/revisions"}],"predecessor-version":[{"id":123,"href":"https:\/\/www.beltverify.com\/index.php\/wp-json\/wp\/v2\/pages\/49\/revisions\/123"}],"wp:attachment":[{"href":"https:\/\/www.beltverify.com\/index.php\/wp-json\/wp\/v2\/media?parent=49"}],"curies":[{"name":"wp","href":"https:\/\/api.w.org\/{rel}","templated":true}]}}