{"id":173,"date":"2024-09-22T13:07:41","date_gmt":"2024-09-22T13:07:41","guid":{"rendered":"https:\/\/www.beltverify.com\/?page_id=173"},"modified":"2024-09-22T13:09:35","modified_gmt":"2024-09-22T13:09:35","slug":"politica-de-cookies","status":"publish","type":"page","link":"https:\/\/www.beltverify.com\/index.php\/politica-de-cookies\/","title":{"rendered":"Pol\u00edtica de Cookies"},"content":{"rendered":"\n<p>En <strong>beltverify.com<\/strong> utilizamos cookies para mejorar la experiencia de nuestros usuarios, analizar el tr\u00e1fico y personalizar el contenido. A continuaci\u00f3n, te explicamos qu\u00e9 son las cookies, qu\u00e9 tipos utilizamos y c\u00f3mo puedes gestionarlas.<\/p>\n\n\n\n<h3 class=\"wp-block-heading\">1. \u00bfQu\u00e9 son las cookies?<\/h3>\n\n\n\n<p>Las cookies son peque\u00f1os archivos de texto que se almacenan en tu dispositivo (ordenador, tablet, smartphone) cuando visitas un sitio web. Las cookies permiten que un sitio web recuerde informaci\u00f3n sobre tu visita, como tus preferencias o los datos de inicio de sesi\u00f3n, y pueden facilitar una navegaci\u00f3n m\u00e1s r\u00e1pida y personalizada.<\/p>\n\n\n\n<h3 class=\"wp-block-heading\">2. Tipos de cookies que utilizamos<\/h3>\n\n\n\n<p>En <strong>beltverify.com<\/strong>, utilizamos diferentes tipos de cookies con diversas finalidades:<\/p>\n\n\n\n<h4 class=\"wp-block-heading\">a) <strong>Cookies t\u00e9cnicas<\/strong>:<\/h4>\n\n\n\n<p>Estas cookies son esenciales para el correcto funcionamiento del sitio web. Permiten la navegaci\u00f3n a trav\u00e9s de la p\u00e1gina y el uso de las diferentes opciones o servicios, como el acceso a \u00e1reas seguras.<\/p>\n\n\n\n<ul class=\"wp-block-list\">\n<li>Ejemplo: Cookies que recuerdan tus preferencias de idioma.<\/li>\n<\/ul>\n\n\n\n<h4 class=\"wp-block-heading\">b) <strong>Cookies de an\u00e1lisis o rendimiento<\/strong>:<\/h4>\n\n\n\n<p>Estas cookies nos permiten medir y analizar c\u00f3mo interact\u00faan los usuarios con el sitio web para mejorar su funcionamiento. Recopilan informaci\u00f3n de forma an\u00f3nima.<\/p>\n\n\n\n<ul class=\"wp-block-list\">\n<li>Ejemplo: Google Analytics (permite analizar el comportamiento de los usuarios en el sitio web).<\/li>\n<\/ul>\n\n\n\n<h4 class=\"wp-block-heading\">c) <strong>Cookies de personalizaci\u00f3n<\/strong>:<\/h4>\n\n\n\n<p>Estas cookies permiten recordar preferencias del usuario, como el idioma o la configuraci\u00f3n regional, para ofrecer una experiencia personalizada.<\/p>\n\n\n\n<ul class=\"wp-block-list\">\n<li>Ejemplo: Cookies que recuerdan el estilo de la p\u00e1gina o la forma en la que prefieres que se muestre la informaci\u00f3n.<\/li>\n<\/ul>\n\n\n\n<h4 class=\"wp-block-heading\">d) <strong>Cookies de publicidad comportamental<\/strong>:<\/h4>\n\n\n\n<p>Estas cookies almacenan informaci\u00f3n sobre el comportamiento de los usuarios obtenida a trav\u00e9s de la observaci\u00f3n continua de sus h\u00e1bitos de navegaci\u00f3n, lo que permite desarrollar un perfil espec\u00edfico para mostrar publicidad personalizada.<\/p>\n\n\n\n<ul class=\"wp-block-list\">\n<li>Ejemplo: Cookies de remarketing que muestran anuncios relevantes basados en tu comportamiento anterior en la web.<\/li>\n<\/ul>\n\n\n\n<h4 class=\"wp-block-heading\">e) <strong>Cookies de redes sociales<\/strong>:<\/h4>\n\n\n\n<p>Estas cookies permiten a los usuarios compartir contenido del sitio web en las redes sociales, como Facebook, Twitter o Instagram, y tambi\u00e9n pueden utilizarse para mostrar anuncios en estas plataformas.<\/p>\n\n\n\n<hr class=\"wp-block-separator has-alpha-channel-opacity\"\/>\n\n\n\n<h3 class=\"wp-block-heading\">3. Cookies de terceros<\/h3>\n\n\n\n<p>En algunas secciones de nuestro sitio web utilizamos cookies de terceros, es decir, de proveedores externos a <strong>beltverify.com<\/strong>, que recopilan informaci\u00f3n sobre los usuarios. Por ejemplo:<\/p>\n\n\n\n<ul class=\"wp-block-list\">\n<li><strong>Google Analytics<\/strong>: Servicio de an\u00e1lisis web proporcionado por Google Inc. que nos ayuda a comprender c\u00f3mo los usuarios interact\u00faan con nuestro sitio.<\/li>\n\n\n\n<li><strong>Facebook Pixel<\/strong>: Utilizado para mostrar anuncios personalizados en Facebook basados en tu actividad en nuestro sitio.<\/li>\n<\/ul>\n\n\n\n<p>Estas cookies est\u00e1n gestionadas por terceros y se rigen por sus respectivas pol\u00edticas de privacidad.<\/p>\n\n\n\n<hr class=\"wp-block-separator has-alpha-channel-opacity\"\/>\n\n\n\n<h3 class=\"wp-block-heading\">4. Gesti\u00f3n de cookies<\/h3>\n\n\n\n<p>Puedes gestionar las cookies a trav\u00e9s de la configuraci\u00f3n de tu navegador. Puedes optar por bloquear o eliminar cookies, o bien configurar las cookies seg\u00fan tus preferencias. Ten en cuenta que, si decides bloquear algunas cookies, la experiencia en el sitio web puede verse afectada.<\/p>\n\n\n\n<h4 class=\"wp-block-heading\">C\u00f3mo gestionar cookies en los navegadores m\u00e1s comunes:<\/h4>\n\n\n\n<ul class=\"wp-block-list\">\n<li><strong>Google Chrome<\/strong>:\n<ol class=\"wp-block-list\">\n<li>Haz clic en el men\u00fa (tres puntos verticales) en la esquina superior derecha del navegador.<\/li>\n\n\n\n<li>Selecciona \u00abConfiguraci\u00f3n\u00bb > \u00abPrivacidad y seguridad\u00bb > \u00abCookies y otros datos de sitios\u00bb.<\/li>\n\n\n\n<li>Ajusta la configuraci\u00f3n de cookies seg\u00fan tus preferencias.<\/li>\n<\/ol>\n<\/li>\n\n\n\n<li><strong>Mozilla Firefox<\/strong>:\n<ol class=\"wp-block-list\">\n<li>Haz clic en el men\u00fa (tres l\u00edneas horizontales) en la esquina superior derecha.<\/li>\n\n\n\n<li>Selecciona \u00abOpciones\u00bb > \u00abPrivacidad y seguridad\u00bb.<\/li>\n\n\n\n<li>En \u00abCookies y datos del sitio\u00bb, ajusta la configuraci\u00f3n seg\u00fan tus necesidades.<\/li>\n<\/ol>\n<\/li>\n\n\n\n<li><strong>Microsoft Edge<\/strong>:\n<ol class=\"wp-block-list\">\n<li>Haz clic en el men\u00fa (tres puntos horizontales) en la esquina superior derecha.<\/li>\n\n\n\n<li>Selecciona \u00abConfiguraci\u00f3n\u00bb > \u00abPrivacidad, b\u00fasqueda y servicios\u00bb.<\/li>\n\n\n\n<li>Ajusta las cookies seg\u00fan tu preferencia.<\/li>\n<\/ol>\n<\/li>\n\n\n\n<li><strong>Safari (iOS)<\/strong>:\n<ol class=\"wp-block-list\">\n<li>Ve a \u00abAjustes\u00bb > \u00abSafari\u00bb > \u00abPrivacidad y seguridad\u00bb.<\/li>\n\n\n\n<li>Ajusta las opciones de cookies.<\/li>\n<\/ol>\n<\/li>\n<\/ul>\n\n\n\n<hr class=\"wp-block-separator has-alpha-channel-opacity\"\/>\n\n\n\n<h3 class=\"wp-block-heading\">5. Aceptaci\u00f3n de las cookies<\/h3>\n\n\n\n<p>Al continuar navegando en <strong>beltverify.com<\/strong>, consientes el uso de las cookies en las condiciones establecidas en esta Pol\u00edtica de Cookies. Te informamos de que puedes retirar en cualquier momento tu consentimiento para el uso de cookies, configurando tu navegador seg\u00fan lo explicado anteriormente.<\/p>\n\n\n\n<hr class=\"wp-block-separator has-alpha-channel-opacity\"\/>\n\n\n\n<h3 class=\"wp-block-heading\">6. Cambios en la Pol\u00edtica de Cookies<\/h3>\n\n\n\n<p><strong>beltverify.com<\/strong> se reserva el derecho a modificar la presente Pol\u00edtica de Cookies para adaptarla a novedades legislativas o nuevas funcionalidades del sitio web. Cualquier cambio ser\u00e1 publicado en esta p\u00e1gina y notificado a los usuarios si es necesario.<\/p>\n\n\n\n<hr class=\"wp-block-separator has-alpha-channel-opacity\"\/>\n\n\n\n<h3 class=\"wp-block-heading\">7. Contacto<\/h3>\n\n\n\n<p>Si tienes alguna duda sobre nuestra Pol\u00edtica de Cookies, puedes contactar con nosotros en:<\/p>\n\n\n\n<ul class=\"wp-block-list\">\n<li><strong>Correo electr\u00f3nico<\/strong>: ikujutsuspain@gmail.com<\/li>\n\n\n\n<li><strong>Direcci\u00f3n postal<\/strong>: Calle Doctor Just 31, Alicante<\/li>\n<\/ul>\n","protected":false},"excerpt":{"rendered":"<p>En beltverify.com utilizamos cookies para mejorar la experiencia de nuestros usuarios, analizar el tr\u00e1fico y personalizar el contenido. A continuaci\u00f3n, [&hellip;]<\/p>\n","protected":false},"author":1,"featured_media":0,"parent":0,"menu_order":0,"comment_status":"closed","ping_status":"closed","template":"","meta":{"site-sidebar-layout":"default","site-content-layout":"","ast-site-content-layout":"","site-content-style":"default","site-sidebar-style":"default","ast-global-header-display":"","ast-banner-title-visibility":"","ast-main-header-display":"","ast-hfb-above-header-display":"","ast-hfb-below-header-display":"","ast-hfb-mobile-header-display":"","site-post-title":"","ast-breadcrumbs-content":"","ast-featured-img":"","footer-sml-layout":"","theme-transparent-header-meta":"","adv-header-id-meta":"","stick-header-meta":"","header-above-stick-meta":"","header-main-stick-meta":"","header-below-stick-meta":"","astra-migrate-meta-layouts":"default","ast-page-background-enabled":"default","ast-page-background-meta":{"desktop":{"background-color":"var(--ast-global-color-4)","background-image":"","background-repeat":"repeat","background-position":"center center","background-size":"auto","background-attachment":"scroll","background-type":"","background-media":"","overlay-type":"","overlay-color":"","overlay-opacity":"","overlay-gradient":""},"tablet":{"background-color":"","background-image":"","background-repeat":"repeat","background-position":"center center","background-size":"auto","background-attachment":"scroll","background-type":"","background-media":"","overlay-type":"","overlay-color":"","overlay-opacity":"","overlay-gradient":""},"mobile":{"background-color":"","background-image":"","background-repeat":"repeat","background-position":"center center","background-size":"auto","background-attachment":"scroll","background-type":"","background-media":"","overlay-type":"","overlay-color":"","overlay-opacity":"","overlay-gradient":""}},"ast-content-background-meta":{"desktop":{"background-color":"var(--ast-global-color-5)","background-image":"","background-repeat":"repeat","background-position":"center center","background-size":"auto","background-attachment":"scroll","background-type":"","background-media":"","overlay-type":"","overlay-color":"","overlay-opacity":"","overlay-gradient":""},"tablet":{"background-color":"var(--ast-global-color-5)","background-image":"","background-repeat":"repeat","background-position":"center center","background-size":"auto","background-attachment":"scroll","background-type":"","background-media":"","overlay-type":"","overlay-color":"","overlay-opacity":"","overlay-gradient":""},"mobile":{"background-color":"var(--ast-global-color-5)","background-image":"","background-repeat":"repeat","background-position":"center center","background-size":"auto","background-attachment":"scroll","background-type":"","background-media":"","overlay-type":"","overlay-color":"","overlay-opacity":"","overlay-gradient":""}},"footnotes":""},"class_list":["post-173","page","type-page","status-publish","hentry"],"yoast_head":"<!-- This site is optimized with the Yoast SEO plugin v23.4 - https:\/\/yoast.com\/wordpress\/plugins\/seo\/ -->\n<title>Pol\u00edtica de Cookies - Black Belt Verify<\/title>\n<meta name=\"description\" content=\"Black Belt Verify\" \/>\n<meta name=\"robots\" content=\"index, follow, max-snippet:-1, max-image-preview:large, max-video-preview:-1\" \/>\n<link rel=\"canonical\" href=\"https:\/\/www.beltverify.com\/index.php\/politica-de-cookies\/\" \/>\n<meta property=\"og:locale\" content=\"es_ES\" \/>\n<meta property=\"og:type\" content=\"article\" \/>\n<meta property=\"og:title\" content=\"Pol\u00edtica de Cookies - Black Belt Verify\" \/>\n<meta property=\"og:description\" content=\"Black Belt Verify\" \/>\n<meta property=\"og:url\" content=\"https:\/\/www.beltverify.com\/index.php\/politica-de-cookies\/\" \/>\n<meta property=\"og:site_name\" content=\"Black Belt Verify\" \/>\n<meta property=\"article:modified_time\" content=\"2024-09-22T13:09:35+00:00\" \/>\n<meta name=\"twitter:card\" content=\"summary_large_image\" \/>\n<meta name=\"twitter:label1\" content=\"Tiempo de lectura\" \/>\n\t<meta name=\"twitter:data1\" content=\"4 minutos\" \/>\n<script type=\"application\/ld+json\" class=\"yoast-schema-graph\">{\"@context\":\"https:\/\/schema.org\",\"@graph\":[{\"@type\":\"WebPage\",\"@id\":\"https:\/\/www.beltverify.com\/index.php\/politica-de-cookies\/\",\"url\":\"https:\/\/www.beltverify.com\/index.php\/politica-de-cookies\/\",\"name\":\"Pol\u00edtica de Cookies - Black Belt Verify\",\"isPartOf\":{\"@id\":\"https:\/\/www.beltverify.com\/#website\"},\"datePublished\":\"2024-09-22T13:07:41+00:00\",\"dateModified\":\"2024-09-22T13:09:35+00:00\",\"description\":\"Black Belt Verify\",\"breadcrumb\":{\"@id\":\"https:\/\/www.beltverify.com\/index.php\/politica-de-cookies\/#breadcrumb\"},\"inLanguage\":\"es\",\"potentialAction\":[{\"@type\":\"ReadAction\",\"target\":[\"https:\/\/www.beltverify.com\/index.php\/politica-de-cookies\/\"]}]},{\"@type\":\"BreadcrumbList\",\"@id\":\"https:\/\/www.beltverify.com\/index.php\/politica-de-cookies\/#breadcrumb\",\"itemListElement\":[{\"@type\":\"ListItem\",\"position\":1,\"name\":\"Portada\",\"item\":\"https:\/\/www.beltverify.com\/\"},{\"@type\":\"ListItem\",\"position\":2,\"name\":\"Pol\u00edtica de Cookies\"}]},{\"@type\":\"WebSite\",\"@id\":\"https:\/\/www.beltverify.com\/#website\",\"url\":\"https:\/\/www.beltverify.com\/\",\"name\":\"Black Belt Verify\",\"description\":\"Verificaci\u00f3n de titulaci\u00f3n en artes marciales\",\"publisher\":{\"@id\":\"https:\/\/www.beltverify.com\/#organization\"},\"alternateName\":\"Belt Verify\",\"potentialAction\":[{\"@type\":\"SearchAction\",\"target\":{\"@type\":\"EntryPoint\",\"urlTemplate\":\"https:\/\/www.beltverify.com\/?s={search_term_string}\"},\"query-input\":{\"@type\":\"PropertyValueSpecification\",\"valueRequired\":true,\"valueName\":\"search_term_string\"}}],\"inLanguage\":\"es\"},{\"@type\":\"Organization\",\"@id\":\"https:\/\/www.beltverify.com\/#organization\",\"name\":\"Black Belt Verify\",\"alternateName\":\"Belt Verify\",\"url\":\"https:\/\/www.beltverify.com\/\",\"logo\":{\"@type\":\"ImageObject\",\"inLanguage\":\"es\",\"@id\":\"https:\/\/www.beltverify.com\/#\/schema\/logo\/image\/\",\"url\":\"https:\/\/www.beltverify.com\/wp-content\/uploads\/2024\/09\/8c7ac76b2edcf8ddf97bf5332157c009-removebg-preview-1.png\",\"contentUrl\":\"https:\/\/www.beltverify.com\/wp-content\/uploads\/2024\/09\/8c7ac76b2edcf8ddf97bf5332157c009-removebg-preview-1.png\",\"width\":325,\"height\":260,\"caption\":\"Black Belt Verify\"},\"image\":{\"@id\":\"https:\/\/www.beltverify.com\/#\/schema\/logo\/image\/\"}}]}<\/script>\n<!-- \/ Yoast SEO plugin. -->","yoast_head_json":{"title":"Pol\u00edtica de Cookies - Black Belt Verify","description":"Black Belt Verify","robots":{"index":"index","follow":"follow","max-snippet":"max-snippet:-1","max-image-preview":"max-image-preview:large","max-video-preview":"max-video-preview:-1"},"canonical":"https:\/\/www.beltverify.com\/index.php\/politica-de-cookies\/","og_locale":"es_ES","og_type":"article","og_title":"Pol\u00edtica de Cookies - Black Belt Verify","og_description":"Black Belt Verify","og_url":"https:\/\/www.beltverify.com\/index.php\/politica-de-cookies\/","og_site_name":"Black Belt Verify","article_modified_time":"2024-09-22T13:09:35+00:00","twitter_card":"summary_large_image","twitter_misc":{"Tiempo de lectura":"4 minutos"},"schema":{"@context":"https:\/\/schema.org","@graph":[{"@type":"WebPage","@id":"https:\/\/www.beltverify.com\/index.php\/politica-de-cookies\/","url":"https:\/\/www.beltverify.com\/index.php\/politica-de-cookies\/","name":"Pol\u00edtica de Cookies - Black Belt Verify","isPartOf":{"@id":"https:\/\/www.beltverify.com\/#website"},"datePublished":"2024-09-22T13:07:41+00:00","dateModified":"2024-09-22T13:09:35+00:00","description":"Black Belt Verify","breadcrumb":{"@id":"https:\/\/www.beltverify.com\/index.php\/politica-de-cookies\/#breadcrumb"},"inLanguage":"es","potentialAction":[{"@type":"ReadAction","target":["https:\/\/www.beltverify.com\/index.php\/politica-de-cookies\/"]}]},{"@type":"BreadcrumbList","@id":"https:\/\/www.beltverify.com\/index.php\/politica-de-cookies\/#breadcrumb","itemListElement":[{"@type":"ListItem","position":1,"name":"Portada","item":"https:\/\/www.beltverify.com\/"},{"@type":"ListItem","position":2,"name":"Pol\u00edtica de Cookies"}]},{"@type":"WebSite","@id":"https:\/\/www.beltverify.com\/#website","url":"https:\/\/www.beltverify.com\/","name":"Black Belt Verify","description":"Verificaci\u00f3n de titulaci\u00f3n en artes marciales","publisher":{"@id":"https:\/\/www.beltverify.com\/#organization"},"alternateName":"Belt Verify","potentialAction":[{"@type":"SearchAction","target":{"@type":"EntryPoint","urlTemplate":"https:\/\/www.beltverify.com\/?s={search_term_string}"},"query-input":{"@type":"PropertyValueSpecification","valueRequired":true,"valueName":"search_term_string"}}],"inLanguage":"es"},{"@type":"Organization","@id":"https:\/\/www.beltverify.com\/#organization","name":"Black Belt Verify","alternateName":"Belt Verify","url":"https:\/\/www.beltverify.com\/","logo":{"@type":"ImageObject","inLanguage":"es","@id":"https:\/\/www.beltverify.com\/#\/schema\/logo\/image\/","url":"https:\/\/www.beltverify.com\/wp-content\/uploads\/2024\/09\/8c7ac76b2edcf8ddf97bf5332157c009-removebg-preview-1.png","contentUrl":"https:\/\/www.beltverify.com\/wp-content\/uploads\/2024\/09\/8c7ac76b2edcf8ddf97bf5332157c009-removebg-preview-1.png","width":325,"height":260,"caption":"Black Belt Verify"},"image":{"@id":"https:\/\/www.beltverify.com\/#\/schema\/logo\/image\/"}}]}},"_links":{"self":[{"href":"https:\/\/www.beltverify.com\/index.php\/wp-json\/wp\/v2\/pages\/173","targetHints":{"allow":["GET"]}}],"collection":[{"href":"https:\/\/www.beltverify.com\/index.php\/wp-json\/wp\/v2\/pages"}],"about":[{"href":"https:\/\/www.beltverify.com\/index.php\/wp-json\/wp\/v2\/types\/page"}],"author":[{"embeddable":true,"href":"https:\/\/www.beltverify.com\/index.php\/wp-json\/wp\/v2\/users\/1"}],"replies":[{"embeddable":true,"href":"https:\/\/www.beltverify.com\/index.php\/wp-json\/wp\/v2\/comments?post=173"}],"version-history":[{"count":2,"href":"https:\/\/www.beltverify.com\/index.php\/wp-json\/wp\/v2\/pages\/173\/revisions"}],"predecessor-version":[{"id":178,"href":"https:\/\/www.beltverify.com\/index.php\/wp-json\/wp\/v2\/pages\/173\/revisions\/178"}],"wp:attachment":[{"href":"https:\/\/www.beltverify.com\/index.php\/wp-json\/wp\/v2\/media?parent=173"}],"curies":[{"name":"wp","href":"https:\/\/api.w.org\/{rel}","templated":true}]}}