{"id":165,"date":"2024-09-22T11:54:46","date_gmt":"2024-09-22T11:54:46","guid":{"rendered":"https:\/\/www.beltverify.com\/?page_id=165"},"modified":"2024-09-22T13:04:23","modified_gmt":"2024-09-22T13:04:23","slug":"aviso-legal","status":"publish","type":"page","link":"https:\/\/www.beltverify.com\/index.php\/aviso-legal\/","title":{"rendered":"Aviso Legal"},"content":{"rendered":"\n<h3 class=\"wp-block-heading\">1. Datos Identificativos<\/h3>\n\n\n\n<p>En cumplimiento con la Ley 34\/2002, de 11 de julio, de Servicios de la Sociedad de la Informaci\u00f3n y del Comercio Electr\u00f3nico (LSSI-CE), se informa que la titularidad del presente sitio web, <strong>beltverify.com<\/strong>, corresponde a:<\/p>\n\n\n\n<ul class=\"wp-block-list\">\n<li><strong>Titular<\/strong>: IKUJUSTU SPAIN<\/li>\n\n\n\n<li><strong>NIF\/CIF<\/strong>: G16395865<\/li>\n\n\n\n<li><strong>Direcci\u00f3n<\/strong>: Calle Doctor Just 31, Alicante<\/li>\n\n\n\n<li><strong>Tel\u00e9fono<\/strong>: 601 42 97 13<\/li>\n\n\n\n<li><strong>Correo electr\u00f3nico<\/strong>: ikujutsuspain@gmail.com<\/li>\n<\/ul>\n\n\n\n<p>El acceso y uso del sitio web <strong>beltverify.com<\/strong> se rige por los t\u00e9rminos y condiciones descritos en este Aviso Legal. Al acceder y navegar por el sitio, el usuario acepta los siguientes t\u00e9rminos.<\/p>\n\n\n\n<hr class=\"wp-block-separator has-alpha-channel-opacity\"\/>\n\n\n\n<h3 class=\"wp-block-heading\">2. Condiciones de Uso<\/h3>\n\n\n\n<p>El acceso a este sitio web es gratuito, salvo en lo relativo al coste de la conexi\u00f3n a trav\u00e9s de la red de telecomunicaciones proporcionada por el proveedor de acceso contratado por los usuarios.<\/p>\n\n\n\n<p>El acceso y uso del sitio implica la aceptaci\u00f3n plena y sin reservas de los presentes t\u00e9rminos y condiciones, as\u00ed como de las pol\u00edticas de privacidad y de cookies.<\/p>\n\n\n\n<p>El usuario se compromete a hacer un uso adecuado de los contenidos y servicios de <strong>beltverify.com<\/strong>, conforme a la ley, la moral, el orden p\u00fablico y las presentes condiciones. Asimismo, se abstendr\u00e1 de emplearlos para llevar a cabo actividades il\u00edcitas o contrarias a las normas y derechos de terceros.<\/p>\n\n\n\n<hr class=\"wp-block-separator has-alpha-channel-opacity\"\/>\n\n\n\n<h3 class=\"wp-block-heading\">3. Propiedad Intelectual<\/h3>\n\n\n\n<p>Los contenidos de <strong>beltverify.com<\/strong>, incluidos, entre otros, los textos, im\u00e1genes, gr\u00e1ficos, dise\u00f1o, logotipos, software y cualquier otro material publicado en el sitio web est\u00e1n protegidos por derechos de propiedad intelectual e industrial. Estos contenidos son propiedad exclusiva de <strong>IKUJUTSU SPAIN <\/strong>o de terceros que han autorizado su uso.<\/p>\n\n\n\n<p>Queda prohibida la reproducci\u00f3n, distribuci\u00f3n, modificaci\u00f3n o cualquier otro tipo de uso de los contenidos del sitio sin la previa autorizaci\u00f3n por escrito del titular.<\/p>\n\n\n\n<hr class=\"wp-block-separator has-alpha-channel-opacity\"\/>\n\n\n\n<h3 class=\"wp-block-heading\">4. Protecci\u00f3n de Datos<\/h3>\n\n\n\n<p><strong>beltverify.com<\/strong> cumple con lo dispuesto en el Reglamento General de Protecci\u00f3n de Datos (RGPD) y en la Ley Org\u00e1nica 3\/2018, de Protecci\u00f3n de Datos Personales y garant\u00eda de los derechos digitales (LOPDGDD).<\/p>\n\n\n\n<p>Los datos que se recopilan en <strong>beltverify.com<\/strong> a trav\u00e9s de los formularios de contacto o registro ser\u00e1n tratados de acuerdo con nuestra [Pol\u00edtica de Privacidad], la cual explica c\u00f3mo se recopilan, almacenan y utilizan los datos personales. Los usuarios tienen derecho a acceder, rectificar o eliminar sus datos, as\u00ed como otros derechos detallados en dicha pol\u00edtica.<\/p>\n\n\n\n<hr class=\"wp-block-separator has-alpha-channel-opacity\"\/>\n\n\n\n<h3 class=\"wp-block-heading\">5. Pol\u00edtica de Enlaces<\/h3>\n\n\n\n<p>Este sitio web puede contener enlaces a p\u00e1ginas externas de terceros. <strong>beltverify.com<\/strong> no se hace responsable del contenido de estos sitios ni de los posibles da\u00f1os o perjuicios derivados del acceso a ellos. Los enlaces tienen una finalidad informativa y su inclusi\u00f3n no implica la aprobaci\u00f3n de los contenidos.<\/p>\n\n\n\n<hr class=\"wp-block-separator has-alpha-channel-opacity\"\/>\n\n\n\n<h3 class=\"wp-block-heading\">6. Responsabilidad<\/h3>\n\n\n\n<p><strong>beltverify.com<\/strong> no se responsabiliza de los posibles errores de seguridad que se puedan producir ni de los da\u00f1os que puedan causarse al sistema inform\u00e1tico del usuario debido a la presencia de virus en los servicios prestados por terceros, errores en el navegador o el uso de versiones no actualizadas del mismo.<\/p>\n\n\n\n<hr class=\"wp-block-separator has-alpha-channel-opacity\"\/>\n\n\n\n<h3 class=\"wp-block-heading\">7. Modificaciones<\/h3>\n\n\n\n<p>El titular del sitio web se reserva el derecho de efectuar, sin previo aviso, las modificaciones que considere oportunas en su portal, pudiendo cambiar, suprimir o a\u00f1adir tanto los contenidos y servicios que se presten a trav\u00e9s del mismo, como la forma en la que estos aparezcan presentados o localizados en el portal.<\/p>\n\n\n\n<hr class=\"wp-block-separator has-alpha-channel-opacity\"\/>\n\n\n\n<h3 class=\"wp-block-heading\">8. Legislaci\u00f3n Aplicable y Jurisdicci\u00f3n<\/h3>\n\n\n\n<p>Este Aviso Legal se rige por la legislaci\u00f3n espa\u00f1ola. Para la resoluci\u00f3n de cualquier controversia que pudiera derivarse del acceso o uso de este sitio web, las partes acuerdan someterse a los Juzgados y Tribunales de la ciudad de Alicante.<\/p>\n","protected":false},"excerpt":{"rendered":"<p>1. Datos Identificativos En cumplimiento con la Ley 34\/2002, de 11 de julio, de Servicios de la Sociedad de la [&hellip;]<\/p>\n","protected":false},"author":1,"featured_media":0,"parent":0,"menu_order":0,"comment_status":"closed","ping_status":"closed","template":"","meta":{"site-sidebar-layout":"default","site-content-layout":"","ast-site-content-layout":"","site-content-style":"default","site-sidebar-style":"default","ast-global-header-display":"","ast-banner-title-visibility":"","ast-main-header-display":"","ast-hfb-above-header-display":"","ast-hfb-below-header-display":"","ast-hfb-mobile-header-display":"","site-post-title":"","ast-breadcrumbs-content":"","ast-featured-img":"","footer-sml-layout":"","theme-transparent-header-meta":"","adv-header-id-meta":"","stick-header-meta":"","header-above-stick-meta":"","header-main-stick-meta":"","header-below-stick-meta":"","astra-migrate-meta-layouts":"default","ast-page-background-enabled":"default","ast-page-background-meta":{"desktop":{"background-color":"var(--ast-global-color-4)","background-image":"","background-repeat":"repeat","background-position":"center center","background-size":"auto","background-attachment":"scroll","background-type":"","background-media":"","overlay-type":"","overlay-color":"","overlay-opacity":"","overlay-gradient":""},"tablet":{"background-color":"","background-image":"","background-repeat":"repeat","background-position":"center center","background-size":"auto","background-attachment":"scroll","background-type":"","background-media":"","overlay-type":"","overlay-color":"","overlay-opacity":"","overlay-gradient":""},"mobile":{"background-color":"","background-image":"","background-repeat":"repeat","background-position":"center center","background-size":"auto","background-attachment":"scroll","background-type":"","background-media":"","overlay-type":"","overlay-color":"","overlay-opacity":"","overlay-gradient":""}},"ast-content-background-meta":{"desktop":{"background-color":"var(--ast-global-color-5)","background-image":"","background-repeat":"repeat","background-position":"center center","background-size":"auto","background-attachment":"scroll","background-type":"","background-media":"","overlay-type":"","overlay-color":"","overlay-opacity":"","overlay-gradient":""},"tablet":{"background-color":"var(--ast-global-color-5)","background-image":"","background-repeat":"repeat","background-position":"center center","background-size":"auto","background-attachment":"scroll","background-type":"","background-media":"","overlay-type":"","overlay-color":"","overlay-opacity":"","overlay-gradient":""},"mobile":{"background-color":"var(--ast-global-color-5)","background-image":"","background-repeat":"repeat","background-position":"center center","background-size":"auto","background-attachment":"scroll","background-type":"","background-media":"","overlay-type":"","overlay-color":"","overlay-opacity":"","overlay-gradient":""}},"footnotes":""},"class_list":["post-165","page","type-page","status-publish","hentry"],"yoast_head":"<!-- This site is optimized with the Yoast SEO plugin v23.4 - https:\/\/yoast.com\/wordpress\/plugins\/seo\/ -->\n<title>Aviso Legal - Black Belt Verify<\/title>\n<meta name=\"description\" content=\"Black Belt Verify\" \/>\n<meta name=\"robots\" content=\"index, follow, max-snippet:-1, max-image-preview:large, max-video-preview:-1\" \/>\n<link rel=\"canonical\" href=\"https:\/\/www.beltverify.com\/index.php\/aviso-legal\/\" \/>\n<meta property=\"og:locale\" content=\"es_ES\" \/>\n<meta property=\"og:type\" content=\"article\" \/>\n<meta property=\"og:title\" content=\"Aviso Legal - Black Belt Verify\" \/>\n<meta property=\"og:description\" content=\"Black Belt Verify\" \/>\n<meta property=\"og:url\" content=\"https:\/\/www.beltverify.com\/index.php\/aviso-legal\/\" \/>\n<meta property=\"og:site_name\" content=\"Black Belt Verify\" \/>\n<meta property=\"article:modified_time\" content=\"2024-09-22T13:04:23+00:00\" \/>\n<meta name=\"twitter:card\" content=\"summary_large_image\" \/>\n<meta name=\"twitter:label1\" content=\"Tiempo de lectura\" \/>\n\t<meta name=\"twitter:data1\" content=\"3 minutos\" \/>\n<script type=\"application\/ld+json\" class=\"yoast-schema-graph\">{\"@context\":\"https:\/\/schema.org\",\"@graph\":[{\"@type\":\"WebPage\",\"@id\":\"https:\/\/www.beltverify.com\/index.php\/aviso-legal\/\",\"url\":\"https:\/\/www.beltverify.com\/index.php\/aviso-legal\/\",\"name\":\"Aviso Legal - Black Belt Verify\",\"isPartOf\":{\"@id\":\"https:\/\/www.beltverify.com\/#website\"},\"datePublished\":\"2024-09-22T11:54:46+00:00\",\"dateModified\":\"2024-09-22T13:04:23+00:00\",\"description\":\"Black Belt Verify\",\"breadcrumb\":{\"@id\":\"https:\/\/www.beltverify.com\/index.php\/aviso-legal\/#breadcrumb\"},\"inLanguage\":\"es\",\"potentialAction\":[{\"@type\":\"ReadAction\",\"target\":[\"https:\/\/www.beltverify.com\/index.php\/aviso-legal\/\"]}]},{\"@type\":\"BreadcrumbList\",\"@id\":\"https:\/\/www.beltverify.com\/index.php\/aviso-legal\/#breadcrumb\",\"itemListElement\":[{\"@type\":\"ListItem\",\"position\":1,\"name\":\"Portada\",\"item\":\"https:\/\/www.beltverify.com\/\"},{\"@type\":\"ListItem\",\"position\":2,\"name\":\"Aviso Legal\"}]},{\"@type\":\"WebSite\",\"@id\":\"https:\/\/www.beltverify.com\/#website\",\"url\":\"https:\/\/www.beltverify.com\/\",\"name\":\"Black Belt Verify\",\"description\":\"Verificaci\u00f3n de titulaci\u00f3n en artes marciales\",\"publisher\":{\"@id\":\"https:\/\/www.beltverify.com\/#organization\"},\"alternateName\":\"Belt Verify\",\"potentialAction\":[{\"@type\":\"SearchAction\",\"target\":{\"@type\":\"EntryPoint\",\"urlTemplate\":\"https:\/\/www.beltverify.com\/?s={search_term_string}\"},\"query-input\":{\"@type\":\"PropertyValueSpecification\",\"valueRequired\":true,\"valueName\":\"search_term_string\"}}],\"inLanguage\":\"es\"},{\"@type\":\"Organization\",\"@id\":\"https:\/\/www.beltverify.com\/#organization\",\"name\":\"Black Belt Verify\",\"alternateName\":\"Belt Verify\",\"url\":\"https:\/\/www.beltverify.com\/\",\"logo\":{\"@type\":\"ImageObject\",\"inLanguage\":\"es\",\"@id\":\"https:\/\/www.beltverify.com\/#\/schema\/logo\/image\/\",\"url\":\"https:\/\/www.beltverify.com\/wp-content\/uploads\/2024\/09\/8c7ac76b2edcf8ddf97bf5332157c009-removebg-preview-1.png\",\"contentUrl\":\"https:\/\/www.beltverify.com\/wp-content\/uploads\/2024\/09\/8c7ac76b2edcf8ddf97bf5332157c009-removebg-preview-1.png\",\"width\":325,\"height\":260,\"caption\":\"Black Belt Verify\"},\"image\":{\"@id\":\"https:\/\/www.beltverify.com\/#\/schema\/logo\/image\/\"}}]}<\/script>\n<!-- \/ Yoast SEO plugin. -->","yoast_head_json":{"title":"Aviso Legal - Black Belt Verify","description":"Black Belt Verify","robots":{"index":"index","follow":"follow","max-snippet":"max-snippet:-1","max-image-preview":"max-image-preview:large","max-video-preview":"max-video-preview:-1"},"canonical":"https:\/\/www.beltverify.com\/index.php\/aviso-legal\/","og_locale":"es_ES","og_type":"article","og_title":"Aviso Legal - Black Belt Verify","og_description":"Black Belt Verify","og_url":"https:\/\/www.beltverify.com\/index.php\/aviso-legal\/","og_site_name":"Black Belt Verify","article_modified_time":"2024-09-22T13:04:23+00:00","twitter_card":"summary_large_image","twitter_misc":{"Tiempo de lectura":"3 minutos"},"schema":{"@context":"https:\/\/schema.org","@graph":[{"@type":"WebPage","@id":"https:\/\/www.beltverify.com\/index.php\/aviso-legal\/","url":"https:\/\/www.beltverify.com\/index.php\/aviso-legal\/","name":"Aviso Legal - Black Belt Verify","isPartOf":{"@id":"https:\/\/www.beltverify.com\/#website"},"datePublished":"2024-09-22T11:54:46+00:00","dateModified":"2024-09-22T13:04:23+00:00","description":"Black Belt Verify","breadcrumb":{"@id":"https:\/\/www.beltverify.com\/index.php\/aviso-legal\/#breadcrumb"},"inLanguage":"es","potentialAction":[{"@type":"ReadAction","target":["https:\/\/www.beltverify.com\/index.php\/aviso-legal\/"]}]},{"@type":"BreadcrumbList","@id":"https:\/\/www.beltverify.com\/index.php\/aviso-legal\/#breadcrumb","itemListElement":[{"@type":"ListItem","position":1,"name":"Portada","item":"https:\/\/www.beltverify.com\/"},{"@type":"ListItem","position":2,"name":"Aviso Legal"}]},{"@type":"WebSite","@id":"https:\/\/www.beltverify.com\/#website","url":"https:\/\/www.beltverify.com\/","name":"Black Belt Verify","description":"Verificaci\u00f3n de titulaci\u00f3n en artes marciales","publisher":{"@id":"https:\/\/www.beltverify.com\/#organization"},"alternateName":"Belt Verify","potentialAction":[{"@type":"SearchAction","target":{"@type":"EntryPoint","urlTemplate":"https:\/\/www.beltverify.com\/?s={search_term_string}"},"query-input":{"@type":"PropertyValueSpecification","valueRequired":true,"valueName":"search_term_string"}}],"inLanguage":"es"},{"@type":"Organization","@id":"https:\/\/www.beltverify.com\/#organization","name":"Black Belt Verify","alternateName":"Belt Verify","url":"https:\/\/www.beltverify.com\/","logo":{"@type":"ImageObject","inLanguage":"es","@id":"https:\/\/www.beltverify.com\/#\/schema\/logo\/image\/","url":"https:\/\/www.beltverify.com\/wp-content\/uploads\/2024\/09\/8c7ac76b2edcf8ddf97bf5332157c009-removebg-preview-1.png","contentUrl":"https:\/\/www.beltverify.com\/wp-content\/uploads\/2024\/09\/8c7ac76b2edcf8ddf97bf5332157c009-removebg-preview-1.png","width":325,"height":260,"caption":"Black Belt Verify"},"image":{"@id":"https:\/\/www.beltverify.com\/#\/schema\/logo\/image\/"}}]}},"_links":{"self":[{"href":"https:\/\/www.beltverify.com\/index.php\/wp-json\/wp\/v2\/pages\/165","targetHints":{"allow":["GET"]}}],"collection":[{"href":"https:\/\/www.beltverify.com\/index.php\/wp-json\/wp\/v2\/pages"}],"about":[{"href":"https:\/\/www.beltverify.com\/index.php\/wp-json\/wp\/v2\/types\/page"}],"author":[{"embeddable":true,"href":"https:\/\/www.beltverify.com\/index.php\/wp-json\/wp\/v2\/users\/1"}],"replies":[{"embeddable":true,"href":"https:\/\/www.beltverify.com\/index.php\/wp-json\/wp\/v2\/comments?post=165"}],"version-history":[{"count":2,"href":"https:\/\/www.beltverify.com\/index.php\/wp-json\/wp\/v2\/pages\/165\/revisions"}],"predecessor-version":[{"id":172,"href":"https:\/\/www.beltverify.com\/index.php\/wp-json\/wp\/v2\/pages\/165\/revisions\/172"}],"wp:attachment":[{"href":"https:\/\/www.beltverify.com\/index.php\/wp-json\/wp\/v2\/media?parent=165"}],"curies":[{"name":"wp","href":"https:\/\/api.w.org\/{rel}","templated":true}]}}